{"id":1331,"date":"2016-07-25T10:12:00","date_gmt":"2016-07-25T08:12:00","guid":{"rendered":"https:\/\/www.solems.com\/en\/?page_id=1331"},"modified":"2016-10-11T17:39:20","modified_gmt":"2016-10-11T15:39:20","slug":"photovoltaic-modules","status":"publish","type":"page","link":"https:\/\/www.solems.com\/en\/photovoltaic-modules","title":{"rendered":"Photovoltaic modules"},"content":{"rendered":"<p>[vc_row][vc_column][vc_message]<em>Information on the different solar modules technologies : <em> see <a href=\"https:\/\/www.solems.com\/en\/solar-electricity-basics\">Solar electricity basics<\/a><\/em><\/em>[\/vc_message][\/vc_column][\/vc_row][vc_row][vc_column][vc_empty_space height=&#8221;30px&#8221;][\/vc_column][\/vc_row][vc_row][vc_column][vc_row_inner][vc_column_inner width=&#8221;11\/12&#8243;]<div class=\"ind-title-wrap\"><h2 style=\"\" class=\"ind-title\">Amorphous silicon TD-series modules<\/h2><\/div>[\/vc_column_inner][vc_column_inner width=&#8221;1\/12&#8243;][vc_single_image image=&#8221;2149&#8243; img_size=&#8221;full&#8221; alignment=&#8221;right&#8221; onclick=&#8221;custom_link&#8221; link=&#8221;https:\/\/www.solems.com\/en\/association-pv-cycle&#8221;][\/vc_column_inner][\/vc_row_inner][vc_column_text]<strong>Made in SOLEMS<\/strong>[\/vc_column_text][vc_empty_space height=&#8221;15px&#8221;][vc_row_inner][vc_column_inner][\/vc_column_inner][\/vc_row_inner][vc_empty_space height=&#8221;15px&#8221;][vc_column_text]SOLEMS designs and manufactures in France small amorphous silicon modules, weatherproof, with great voltage &amp; dimensions freedom.[\/vc_column_text][vc_row_inner][vc_column_inner width=&#8221;2\/3&#8243;][vc_column_text]<\/p>\n<ul>\n<li>Power 0.3-5W<\/li>\n<li>Voltage 4, 6, 9, 12, 24V\u2026<\/li>\n<li>Excellent response to low, cloudy and diffusive illumination<\/li>\n<li>Size from 10 to 900 cm<\/li>\n<li>Direct outdoor use (weatherproof)<\/li>\n<li>Easy assembly<\/li>\n<li>Overcharge protection in the cable (option)*<\/li>\n<\/ul>\n<p>[\/vc_column_text][\/vc_column_inner][vc_column_inner width=&#8221;1\/3&#8243;][vc_single_image image=&#8221;1708&#8243; img_size=&#8221;medium&#8221; alignment=&#8221;center&#8221;][\/vc_column_inner][\/vc_row_inner][vc_row_inner][vc_column_inner][vc_column_text]<b><a href=\"https:\/\/www.solems.com\/wp-content\/uploads\/Panneaux_solaires_TD_16_1.pdf\"><img loading=\"lazy\" decoding=\"async\" class=\"alignnone wp-image-1274 size-full\" src=\"https:\/\/www.solems.com\/wp-content\/uploads\/pdf-max2.png\" alt=\"pdf-max2\" width=\"32\" height=\"32\" \/><\/a><a href=\"https:\/\/www.solems.com\/wp-content\/uploads\/TD-series_solar_modules_12.pdf\" target=\"_blank\">Solar TD-series modules leaflet<\/a>\u00a0<\/b>: All products ref. <em>last update Dec 7, 2012<\/em>[\/vc_column_text][vc_column_text]Some best-sellers :<\/p>\n<table>\n<tbody>\n<tr>\n<td>10\/150\/100 TD<\/td>\n<td>150 x 100 mm \u2013 for a 4V Lead acid battery or a 3.6V Lithium<\/td>\n<\/tr>\n<tr>\n<td>10\/150\/300 TD<\/td>\n<td>150 x 300 mm \u2013 for a 4V Lead acid battery or a 3.6V Lithium<\/td>\n<\/tr>\n<tr>\n<td>14\/100\/100 TD<\/td>\n<td>100 x 100 mm \u2013 for a 6V Lead acid battery<\/td>\n<\/tr>\n<tr>\n<td>14\/150\/100 TD<\/td>\n<td>150 x 100 mm \u2013 for a 6V Lead acid battery<\/td>\n<\/tr>\n<tr>\n<td>14\/150\/150 TD<\/td>\n<td>150 x 300 mm \u2013 for a 6V Lead acid battery<\/td>\n<\/tr>\n<tr>\n<td>14\/150\/300 TD<\/td>\n<td>150 x 300 mm \u2013 for a 6V Lead acid battery<\/td>\n<\/tr>\n<tr>\n<td>18\/150\/100 TD<\/td>\n<td>150 x 100 mm \u2013 for a 7.2V NiMH battery<\/td>\n<\/tr>\n<tr>\n<td>28\/150\/100 TD<\/td>\n<td>150 x 100 mm \u2013 for a 12V Lead acid battery<\/td>\n<\/tr>\n<tr>\n<td>28\/150\/150 TD<\/td>\n<td>150 x 150 mm \u2013 for a 12V Lead acid battery<\/td>\n<\/tr>\n<tr>\n<td>28\/300\/100 TD<\/td>\n<td>300 x 100 mm \u2013 for a 12V Lead acid battery<\/td>\n<\/tr>\n<tr>\n<td>28\/300\/150 TD<\/td>\n<td>300 x 150 mm \u2013 for a 12V Lead acid battery<\/td>\n<\/tr>\n<tr>\n<td>56\/300\/100 TD<\/td>\n<td>300 x 100 mm \u2013 for a 24V Lead acid battery<\/td>\n<\/tr>\n<\/tbody>\n<\/table>\n<p>Another voltage ? Other dimensions ? We simulate your solar module :<\/p>\n<table>\n<tbody>\n<tr>\n<td><span style=\"text-decoration: underline;\"><a href=\"https:\/\/www.solems.com\/wp-content\/uploads\/Request_for_a_solar_cell_or_module.pdf\" target=\"_blank\">Request for a solar cell or module<\/a><\/span><\/td>\n<\/tr>\n<\/tbody>\n<\/table>\n<p>* <em>On this topic, see <a href=\"https:\/\/www.solems.com\/en\/rechargeable-batteries\">Controllers<\/a><\/em> and :<\/p>\n<table>\n<tbody>\n<tr>\n<td><a href=\"https:\/\/www.solems.com\/wp-content\/uploads\/Overcharge_controllers_SHx_series-2.pdf\" target=\"_blank\">Overcharge controllers SHx-series<\/a> : for TD-series amorphous modules<\/td>\n<\/tr>\n<\/tbody>\n<\/table>\n<p>[\/vc_column_text][\/vc_column_inner][\/vc_row_inner][vc_empty_space height=&#8221;30px&#8221;]<div class=\"ind-title-wrap\"><h2 style=\"\" class=\"ind-title\">SECA solar generators for Emergency Call Units<\/h2><\/div>[vc_column_text]<strong>modules, charge limitation and rechargeable battery and assembly kit included <\/strong>[\/vc_column_text][vc_empty_space height=&#8221;15px&#8221;][vc_row_inner][vc_column_inner width=&#8221;2\/3&#8243;][vc_column_text]<\/p>\n<ul>\n<li>Dimensions adapt\u00e9es aux corps de poste<\/li>\n<li>Limiteur de surcharge int\u00e9gr\u00e9 au c\u00e2ble du panneau<\/li>\n<li>Syst\u00e8me de fixation anti-vol<\/li>\n<li>Tapis d\u2019\u00e9tanch\u00e9it\u00e9 anti-vibration<\/li>\n<li>Batterie Plomb \u00e9tanche gel ou AGM<\/li>\n<\/ul>\n<p><a href=\"https:\/\/www.solems.com\/wp-content\/uploads\/SECA_solar_kits.pdf\" target=\"_blank\"><img loading=\"lazy\" decoding=\"async\" class=\"alignnone size-full wp-image-1274\" src=\"https:\/\/www.solems.com\/wp-content\/uploads\/pdf-max2.png\" alt=\"pdf-max2\" width=\"32\" height=\"32\" \/>SECA-solar power solutions leaflet<\/a>\u00a0: Solar solutions for E.C.U.<\/p>\n<table>\n<tbody>\n<tr>\n<td>SECA B 06<\/td>\n<td>14\/150\/260 TD<\/td>\n<td>260 x 150 mm \u2013 for 6V Lead acid battery<\/td>\n<\/tr>\n<tr>\n<td>SECA B 12<\/td>\n<td>28\/260\/150 TD<\/td>\n<td>260 x 150 mm \u2013 for 12V Lead acid battery<\/td>\n<\/tr>\n<tr>\n<td>SECA G 12<\/td>\n<td>28\/260\/260 TD<\/td>\n<td>260 x 260 mm \u2013 for 12V Lead acid battery<\/td>\n<\/tr>\n<tr>\n<td>SECA R 12<\/td>\n<td>28\/300\/260 TD<\/td>\n<td>300 x 260 mm \u2013 for 12V Lead acid battery<\/td>\n<\/tr>\n<\/tbody>\n<\/table>\n<p>[\/vc_column_text][\/vc_column_inner][vc_column_inner width=&#8221;1\/3&#8243;][vc_single_image image=&#8221;829&#8243; img_size=&#8221;250&#215;150&#8243; alignment=&#8221;center&#8221; el_class=&#8221;img-mobile&#8221;][\/vc_column_inner][\/vc_row_inner][vc_empty_space height=&#8221;30px&#8221;]<div class=\"ind-title-wrap\"><h2 style=\"\" class=\"ind-title\"><\/h2><\/div>[vc_column_text]<strong> KS &amp; KC-series <\/strong>[\/vc_column_text][vc_empty_space height=&#8221;15px&#8221;][vc_column_text]<\/p>\n<ul>\n<li>polycristalline silicon<\/li>\n<li>very efficient under sunlight<\/li>\n<li>compact<\/li>\n<li>aluminium frame<\/li>\n<\/ul>\n<p>Available modules &#8211; <em>Last update May 18, 2009<\/em>[\/vc_column_text][vc_row_inner][vc_column_inner width=&#8221;2\/3&#8243; css=&#8221;.vc_custom_1469436599848{margin-top: 15px !important;}&#8221;][vc_column_text]<\/p>\n<table>\n<tbody>\n<tr>\n<td><span style=\"text-decoration: underline;\"><a href=\"https:\/\/www.solems.com\/wp-content\/uploads\/Solar_panel_KS5T_en.pdf\" target=\"_blank\">KS5T module<\/a><\/span><\/td>\n<td>5Wc \u2013 12V<\/td>\n<\/tr>\n<tr>\n<td><a href=\"https:\/\/www.solems.com\/wp-content\/uploads\/Solar_panel_KS10T_en.pdf\" target=\"_blank\">KS10T module<\/a><\/td>\n<td>10Wc &#8211; 12V<\/td>\n<\/tr>\n<tr>\n<td><a href=\"https:\/\/www.solems.com\/wp-content\/uploads\/Solar_panel_KS20T_13_en-1.pdf\" target=\"_blank\">KS20 module<\/a><\/td>\n<td>20Wc &#8211; 12V<\/td>\n<\/tr>\n<tr>\n<td><a href=\"https:\/\/www.solems.com\/wp-content\/uploads\/Solar_panel_KC50T_en.pdf\" target=\"_blank\">KC50T module<\/a><\/td>\n<td>54Wc &#8211; 12V<\/td>\n<\/tr>\n<tr>\n<td><a href=\"https:\/\/www.solems.com\/wp-content\/uploads\/Solar_panel_KC65T_en.pdf\" target=\"_blank\">KC65T module <\/a><\/td>\n<td>65 Wc &#8211; 12V<\/td>\n<\/tr>\n<tr>\n<td><a href=\"https:\/\/www.solems.com\/wp-content\/uploads\/Solar_panel_KC85T_en.pdf\" target=\"_blank\">KC85T module <\/a><\/td>\n<td>85 Wc &#8211; 12V<\/td>\n<\/tr>\n<tr>\n<td><a href=\"https:\/\/www.solems.com\/wp-content\/uploads\/Solar_panel_KC130GT_en.pdf\">KC130GT module<\/a><\/td>\n<td>130 Wc &#8211; 12V<\/td>\n<\/tr>\n<\/tbody>\n<\/table>\n<p>[\/vc_column_text][\/vc_column_inner][vc_column_inner width=&#8221;1\/3&#8243;][vc_single_image image=&#8221;713&#8243; img_size=&#8221;medium&#8221; alignment=&#8221;center&#8221;][\/vc_column_inner][\/vc_row_inner][vc_empty_space height=&#8221;30px&#8221;][vc_column_text]<\/p>\n<div class=\"ind-title-wrap\">\n<h2 id=\"crystalline\">Crystalline module assemby kits<\/h2>\n<\/div>\n<p>[\/vc_column_text][vc_column_text]<strong> for KS- &amp; KC-series modules <\/strong>[\/vc_column_text][vc_empty_space height=&#8221;15px&#8221;][vc_row_inner][vc_column_inner width=&#8221;2\/3&#8243;][vc_column_text]<\/p>\n<table>\n<tbody>\n<tr>\n<td><a href=\"https:\/\/www.solems.com\/wp-content\/uploads\/Potences_pour_panneaux_solaires_fr.pdf\" target=\"_blank\">Single module support : for 5 &#8211; 54Wc modules (in french) <\/a><\/td>\n<\/tr>\n<tr>\n<td><a href=\"https:\/\/www.solems.com\/wp-content\/uploads\/Charpentes_pour_mat_fr.pdf\" target=\"_blank\">Single module support for a set-up on a pole : for 5 &#8211; 120Wc modules (in french) <\/a><\/td>\n<\/tr>\n<\/tbody>\n<\/table>\n<p>[\/vc_column_text][\/vc_column_inner][vc_column_inner width=&#8221;1\/3&#8243;][vc_single_image image=&#8221;732&#8243; img_size=&#8221;full&#8221; alignment=&#8221;center&#8221; el_class=&#8221;img-mobile&#8221;][\/vc_column_inner][\/vc_row_inner][\/vc_column][\/vc_row]<\/p>\n","protected":false},"excerpt":{"rendered":"<p>[vc_row][vc_column][vc_message]Information on the different solar modules technologies : see Solar electricity basics[\/vc_message][\/vc_column][\/vc_row][vc_row][vc_column][vc_empty_space height=&#8221;30px&#8221;][\/vc_column][\/vc_row][vc_row][vc_column][vc_row_inner][vc_column_inner width=&#8221;11\/12&#8243;][\/vc_column_inner][vc_column_inner width=&#8221;1\/12&#8243;][vc_single_image image=&#8221;2149&#8243; img_size=&#8221;full&#8221; alignment=&#8221;right&#8221; onclick=&#8221;custom_link&#8221; link=&#8221;https:\/\/www.solems.com\/en\/association-pv-cycle&#8221;][\/vc_column_inner][\/vc_row_inner][vc_column_text]Made in SOLEMS[\/vc_column_text][vc_empty_space height=&#8221;15px&#8221;][vc_row_inner][vc_column_inner][\/vc_column_inner][\/vc_row_inner][vc_empty_space height=&#8221;15px&#8221;][vc_column_text]SOLEMS designs and manufactures in France small amorphous silicon modules, weatherproof, with great voltage &amp; dimensions freedom.[\/vc_column_text][vc_row_inner][vc_column_inner width=&#8221;2\/3&#8243;][vc_column_text] Power 0.3-5W Voltage 4, 6, 9, 12, 24V\u2026 Excellent response to low, cloudy and [&hellip;]<\/p>\n","protected":false},"author":1,"featured_media":0,"parent":0,"menu_order":0,"comment_status":"closed","ping_status":"closed","template":"page-tpl_full_width.php","meta":{"footnotes":""},"class_list":["post-1331","page","type-page","status-publish","hentry"],"yoast_head":"<!-- This site is optimized with the Yoast SEO plugin v26.8 - https:\/\/yoast.com\/product\/yoast-seo-wordpress\/ -->\n<title>Photovoltaic modules - Panneaux Solaires au Silicium | Solems.com<\/title>\n<meta name=\"robots\" content=\"index, follow, max-snippet:-1, max-image-preview:large, max-video-preview:-1\" \/>\n<link rel=\"canonical\" href=\"https:\/\/www.solems.com\/panneaux-solaires\" \/>\n<meta name=\"twitter:label1\" content=\"Est. reading time\" \/>\n\t<meta name=\"twitter:data1\" content=\"4 minutes\" \/>\n<script type=\"application\/ld+json\" class=\"yoast-schema-graph\">{\"@context\":\"https:\/\/schema.org\",\"@graph\":[{\"@type\":\"WebPage\",\"@id\":\"https:\/\/www.solems.com\/panneaux-solaires\",\"url\":\"https:\/\/www.solems.com\/panneaux-solaires\",\"name\":\"Photovoltaic modules - Panneaux Solaires au Silicium | Solems.com\",\"isPartOf\":{\"@id\":\"https:\/\/www.solems.com\/#website\"},\"primaryImageOfPage\":{\"@id\":\"https:\/\/www.solems.com\/panneaux-solaires#primaryimage\"},\"image\":{\"@id\":\"https:\/\/www.solems.com\/panneaux-solaires#primaryimage\"},\"thumbnailUrl\":\"https:\/\/www.solems.com\/wp-content\/uploads\/pdf-max2.png\",\"datePublished\":\"2016-07-25T08:12:00+00:00\",\"dateModified\":\"2016-10-11T15:39:20+00:00\",\"breadcrumb\":{\"@id\":\"https:\/\/www.solems.com\/panneaux-solaires#breadcrumb\"},\"inLanguage\":\"en-US\",\"potentialAction\":[{\"@type\":\"ReadAction\",\"target\":[\"https:\/\/www.solems.com\/panneaux-solaires\"]}]},{\"@type\":\"ImageObject\",\"inLanguage\":\"en-US\",\"@id\":\"https:\/\/www.solems.com\/panneaux-solaires#primaryimage\",\"url\":\"https:\/\/www.solems.com\/wp-content\/uploads\/pdf-max2.png\",\"contentUrl\":\"https:\/\/www.solems.com\/wp-content\/uploads\/pdf-max2.png\"},{\"@type\":\"BreadcrumbList\",\"@id\":\"https:\/\/www.solems.com\/panneaux-solaires#breadcrumb\",\"itemListElement\":[{\"@type\":\"ListItem\",\"position\":1,\"name\":\"Accueil\",\"item\":\"https:\/\/www.solems.com\/\"},{\"@type\":\"ListItem\",\"position\":2,\"name\":\"Photovoltaic modules\"}]},{\"@type\":\"WebSite\",\"@id\":\"https:\/\/www.solems.com\/#website\",\"url\":\"https:\/\/www.solems.com\/\",\"name\":\"Panneaux Solaires au Silicium | Solems.com\",\"description\":\"\",\"potentialAction\":[{\"@type\":\"SearchAction\",\"target\":{\"@type\":\"EntryPoint\",\"urlTemplate\":\"https:\/\/www.solems.com\/?s={search_term_string}\"},\"query-input\":{\"@type\":\"PropertyValueSpecification\",\"valueRequired\":true,\"valueName\":\"search_term_string\"}}],\"inLanguage\":\"en-US\"}]}<\/script>\n<!-- \/ Yoast SEO plugin. -->","yoast_head_json":{"title":"Photovoltaic modules - Panneaux Solaires au Silicium | Solems.com","robots":{"index":"index","follow":"follow","max-snippet":"max-snippet:-1","max-image-preview":"max-image-preview:large","max-video-preview":"max-video-preview:-1"},"canonical":"https:\/\/www.solems.com\/panneaux-solaires","twitter_misc":{"Est. reading time":"4 minutes"},"schema":{"@context":"https:\/\/schema.org","@graph":[{"@type":"WebPage","@id":"https:\/\/www.solems.com\/panneaux-solaires","url":"https:\/\/www.solems.com\/panneaux-solaires","name":"Photovoltaic modules - Panneaux Solaires au Silicium | Solems.com","isPartOf":{"@id":"https:\/\/www.solems.com\/#website"},"primaryImageOfPage":{"@id":"https:\/\/www.solems.com\/panneaux-solaires#primaryimage"},"image":{"@id":"https:\/\/www.solems.com\/panneaux-solaires#primaryimage"},"thumbnailUrl":"https:\/\/www.solems.com\/wp-content\/uploads\/pdf-max2.png","datePublished":"2016-07-25T08:12:00+00:00","dateModified":"2016-10-11T15:39:20+00:00","breadcrumb":{"@id":"https:\/\/www.solems.com\/panneaux-solaires#breadcrumb"},"inLanguage":"en-US","potentialAction":[{"@type":"ReadAction","target":["https:\/\/www.solems.com\/panneaux-solaires"]}]},{"@type":"ImageObject","inLanguage":"en-US","@id":"https:\/\/www.solems.com\/panneaux-solaires#primaryimage","url":"https:\/\/www.solems.com\/wp-content\/uploads\/pdf-max2.png","contentUrl":"https:\/\/www.solems.com\/wp-content\/uploads\/pdf-max2.png"},{"@type":"BreadcrumbList","@id":"https:\/\/www.solems.com\/panneaux-solaires#breadcrumb","itemListElement":[{"@type":"ListItem","position":1,"name":"Accueil","item":"https:\/\/www.solems.com\/"},{"@type":"ListItem","position":2,"name":"Photovoltaic modules"}]},{"@type":"WebSite","@id":"https:\/\/www.solems.com\/#website","url":"https:\/\/www.solems.com\/","name":"Panneaux Solaires au Silicium | Solems.com","description":"","potentialAction":[{"@type":"SearchAction","target":{"@type":"EntryPoint","urlTemplate":"https:\/\/www.solems.com\/?s={search_term_string}"},"query-input":{"@type":"PropertyValueSpecification","valueRequired":true,"valueName":"search_term_string"}}],"inLanguage":"en-US"}]}},"_links":{"self":[{"href":"https:\/\/www.solems.com\/en\/wp-json\/wp\/v2\/pages\/1331","targetHints":{"allow":["GET"]}}],"collection":[{"href":"https:\/\/www.solems.com\/en\/wp-json\/wp\/v2\/pages"}],"about":[{"href":"https:\/\/www.solems.com\/en\/wp-json\/wp\/v2\/types\/page"}],"author":[{"embeddable":true,"href":"https:\/\/www.solems.com\/en\/wp-json\/wp\/v2\/users\/1"}],"replies":[{"embeddable":true,"href":"https:\/\/www.solems.com\/en\/wp-json\/wp\/v2\/comments?post=1331"}],"version-history":[{"count":10,"href":"https:\/\/www.solems.com\/en\/wp-json\/wp\/v2\/pages\/1331\/revisions"}],"predecessor-version":[{"id":1333,"href":"https:\/\/www.solems.com\/en\/wp-json\/wp\/v2\/pages\/1331\/revisions\/1333"}],"wp:attachment":[{"href":"https:\/\/www.solems.com\/en\/wp-json\/wp\/v2\/media?parent=1331"}],"curies":[{"name":"wp","href":"https:\/\/api.w.org\/{rel}","templated":true}]}}