{"id":1368,"date":"2016-07-25T11:41:13","date_gmt":"2016-07-25T09:41:13","guid":{"rendered":"https:\/\/www.solems.com\/en\/?page_id=1368"},"modified":"2016-10-17T15:38:02","modified_gmt":"2016-10-17T13:38:02","slug":"solar-applications","status":"publish","type":"page","link":"https:\/\/www.solems.com\/en\/solar-applications","title":{"rendered":"Solar applications"},"content":{"rendered":"<p>[vc_row][vc_column][vc_column_text]<em>Examples of equipments powered by SOLEMS cells or modules &#8230; the products shown here are our customer\u2019s : in case of interest, SOLEMS will give you their contact.<\/em><\/p>\n<p>[\/vc_column_text][\/vc_column][\/vc_row][vc_row][vc_column][vc_empty_space height=&#8221;30px&#8221;][vc_column_text]<strong>Swiming pool water purifier<\/strong><\/p>\n<p><img loading=\"lazy\" decoding=\"async\" class=\"alignright wp-image-866\" src=\"https:\/\/www.solems.com\/wp-content\/uploads\/ioniseur-net-eau-pleco-60_big-300x300.jpg\" alt=\"ioniseur-net-eau-pleco-60_big\" width=\"200\" height=\"200\" srcset=\"https:\/\/www.solems.com\/wp-content\/uploads\/ioniseur-net-eau-pleco-60_big-300x300.jpg 300w, https:\/\/www.solems.com\/wp-content\/uploads\/ioniseur-net-eau-pleco-60_big-150x150.jpg 150w, https:\/\/www.solems.com\/wp-content\/uploads\/ioniseur-net-eau-pleco-60_big-100x100.jpg 100w, https:\/\/www.solems.com\/wp-content\/uploads\/ioniseur-net-eau-pleco-60_big-409x409.jpg 409w, https:\/\/www.solems.com\/wp-content\/uploads\/ioniseur-net-eau-pleco-60_big-555x555.jpg 555w, https:\/\/www.solems.com\/wp-content\/uploads\/ioniseur-net-eau-pleco-60_big-471x471.jpg 471w, https:\/\/www.solems.com\/wp-content\/uploads\/ioniseur-net-eau-pleco-60_big-80x80.jpg 80w, https:\/\/www.solems.com\/wp-content\/uploads\/ioniseur-net-eau-pleco-60_big.jpg 600w\" sizes=\"auto, (max-width: 200px) 100vw, 200px\" \/>It is a small water purifier, independant, light and water-borne, combining solar energy generation and ionisation. This allows a healthy and efficient water treatment, without any secondary effects. Ionisation destroys bacteries and moisture; and the generated ions remain efficient during several weeks. Moreover, by avoiding 80 to 100% of chorine in the pool, it reduces the risk of eye irritations, dry skin and allergies.[\/vc_column_text][\/vc_column][\/vc_row][vc_row][vc_column][vc_column_text]<strong> Self-controlled lightning surge<\/strong><\/p>\n<p>&nbsp;<\/p>\n<p><img loading=\"lazy\" decoding=\"async\" class=\"alignright wp-image-1372\" src=\"https:\/\/www.solems.com\/wp-content\/uploads\/Prev_leg-225x300.jpg\" alt=\"Prev_leg\" width=\"200\" height=\"267\" srcset=\"https:\/\/www.solems.com\/wp-content\/uploads\/Prev_leg-225x300.jpg 225w, https:\/\/www.solems.com\/wp-content\/uploads\/Prev_leg.jpg 315w\" sizes=\"auto, (max-width: 200px) 100vw, 200px\" \/>This lightning surge controls itself that its striking device is working properly, without access nearby.<\/p>\n<p>The control unit is made of a test circuit, included inside the surge, and of an external module with a solar panel and an external communication device, located at the bottom of the surge.<\/p>\n<p>The test is driven from the ground or from the roof, thanks to a specific remote control unit. The surge indicates its working state by lighting bright LEDs under the housing.[\/vc_column_text][\/vc_column][\/vc_row][vc_row][vc_column][vc_column_text]<strong>Surge protector monitor<\/strong><\/p>\n<p><img loading=\"lazy\" decoding=\"async\" class=\"alignright wp-image-869\" src=\"https:\/\/www.solems.com\/wp-content\/uploads\/EXCOUNT-I_3_720-300x215.jpg\" alt=\"EXCOUNT-I_3_720\" width=\"200\" height=\"143\" srcset=\"https:\/\/www.solems.com\/wp-content\/uploads\/EXCOUNT-I_3_720-300x215.jpg 300w, https:\/\/www.solems.com\/wp-content\/uploads\/EXCOUNT-I_3_720-409x293.jpg 409w, https:\/\/www.solems.com\/wp-content\/uploads\/EXCOUNT-I_3_720-555x397.jpg 555w, https:\/\/www.solems.com\/wp-content\/uploads\/EXCOUNT-I_3_720-471x337.jpg 471w, https:\/\/www.solems.com\/wp-content\/uploads\/EXCOUNT-I_3_720-653x467.jpg 653w, https:\/\/www.solems.com\/wp-content\/uploads\/EXCOUNT-I_3_720.jpg 720w\" sizes=\"auto, (max-width: 200px) 100vw, 200px\" \/><\/p>\n<p>More reliability in the electricity supply and less maintainance costs are permanent concerns of utilities and end-users. This new control device for surge protectors is more than just a counter : it measures and registers all the events occuring on the high voltage grid. They can be read aferwards by a wireless transmission unit.<\/p>\n<p>Thus, it is possible to ensure the good health of a sub-station by informing and identifying any malfunctioning.[\/vc_column_text][\/vc_column][\/vc_row][vc_row][vc_column][vc_empty_space height=&#8221;30px&#8221;][vc_column_text]<strong>Emergency call Units<\/strong><\/p>\n<p>The emergency phones on highway sides : how many lives saved ?<\/p>\n<p><img loading=\"lazy\" decoding=\"async\" class=\"alignright wp-image-871\" src=\"https:\/\/www.solems.com\/wp-content\/uploads\/Poste_RAU-280x300.jpg\" alt=\"Poste_RAU\" width=\"200\" height=\"214\" srcset=\"https:\/\/www.solems.com\/wp-content\/uploads\/Poste_RAU-280x300.jpg 280w, https:\/\/www.solems.com\/wp-content\/uploads\/Poste_RAU-768x822.jpg 768w, https:\/\/www.solems.com\/wp-content\/uploads\/Poste_RAU-409x438.jpg 409w, https:\/\/www.solems.com\/wp-content\/uploads\/Poste_RAU-555x594.jpg 555w, https:\/\/www.solems.com\/wp-content\/uploads\/Poste_RAU-471x504.jpg 471w, https:\/\/www.solems.com\/wp-content\/uploads\/Poste_RAU-653x699.jpg 653w, https:\/\/www.solems.com\/wp-content\/uploads\/Poste_RAU.jpg 805w\" sizes=\"auto, (max-width: 200px) 100vw, 200px\" \/><\/p>\n<p>For the highway companies, it is often mandatory to keep off-grid these emergency call units, (ECU) for security reasons.<\/p>\n<p>The solution with a small solar module, and a long-lasting rechargeable has now proven its competitivity : 5 years without any visit, often more.<\/p>\n<p>Safe power and less maintainance at the same time.[\/vc_column_text][\/vc_column][\/vc_row][vc_row][vc_column][vc_empty_space height=&#8221;30px&#8221;][vc_column_text]<strong> LEDs illuminated road sign<\/strong><\/p>\n<p><img loading=\"lazy\" decoding=\"async\" class=\"alignright wp-image-873\" src=\"https:\/\/www.solems.com\/wp-content\/uploads\/IMGP1092_opt-201x300.jpg\" alt=\"IMGP1092_opt\" width=\"150\" height=\"224\" srcset=\"https:\/\/www.solems.com\/wp-content\/uploads\/IMGP1092_opt-201x300.jpg 201w, https:\/\/www.solems.com\/wp-content\/uploads\/IMGP1092_opt.jpg 389w\" sizes=\"auto, (max-width: 150px) 100vw, 150px\" \/>With low consumption LEDs and an optimized blinking mode, these road signs are compatible with solar modules of reasonable power : reliability and simplicity are the direct consequence of the use of photovoltaics in that case, provided the calcuation and the set up of the modules and batteries have been made by a professionnal.[\/vc_column_text][\/vc_column][\/vc_row][vc_row][vc_column][vc_empty_space height=&#8221;30px&#8221;][vc_column_text]<strong> Wireless transmssion on a buoy<\/strong><\/p>\n<p><img loading=\"lazy\" decoding=\"async\" class=\"alignright wp-image-875\" src=\"https:\/\/www.solems.com\/wp-content\/uploads\/ifremer12-231x300.jpg\" alt=\"ifremer12\" width=\"150\" height=\"195\" srcset=\"https:\/\/www.solems.com\/wp-content\/uploads\/ifremer12-231x300.jpg 231w, https:\/\/www.solems.com\/wp-content\/uploads\/ifremer12.jpg 299w\" sizes=\"auto, (max-width: 150px) 100vw, 150px\" \/><\/p>\n<p>This buoy installed in the port of Douarnenez carries a communication device ensuring data transmission between sensors placed under the sea and the office sitting on the earth.<\/p>\n<p>8 modules 20W, connected 2 by 2 in 24VDC are feeding the system. (Ifremer picture)[\/vc_column_text][\/vc_column][\/vc_row][vc_row][vc_column][vc_empty_space height=&#8221;30px&#8221;][vc_column_text]<strong> Defect detector on electrical lines<\/strong><\/p>\n<p><img loading=\"lazy\" decoding=\"async\" class=\"alignright wp-image-876 size-full\" src=\"https:\/\/www.solems.com\/wp-content\/uploads\/detecteur_directionnel_aerien.jpg\" alt=\"detecteur_directionnel_aerien\" width=\"150\" height=\"196\" \/>These detectors are used on the high-tension overhead cables of electricity supply. They are placed on the cable poles. Their function is to control the quality of the current flowing in the lines. When a defect occurs, they identify the type of problem and send a flashing beam of light and the event is registered on the built-in memory and can be consulted. The solar power supply, made of 2 little modules on both sides of the cabinet and a Cyclon battery, gives an autonomy greater than 5 years without any visit.[\/vc_column_text][\/vc_column][\/vc_row][vc_row][vc_column][vc_empty_space height=&#8221;30px&#8221;][vc_column_text]<strong>Auto-darkening welding helmets<\/strong><\/p>\n<p><img loading=\"lazy\" decoding=\"async\" class=\"alignright wp-image-879\" src=\"https:\/\/www.solems.com\/wp-content\/uploads\/Casque-225x300.jpg\" alt=\"Casque\" width=\"150\" height=\"200\" srcset=\"https:\/\/www.solems.com\/wp-content\/uploads\/Casque-225x300.jpg 225w, https:\/\/www.solems.com\/wp-content\/uploads\/Casque-409x545.jpg 409w, https:\/\/www.solems.com\/wp-content\/uploads\/Casque-555x740.jpg 555w, https:\/\/www.solems.com\/wp-content\/uploads\/Casque-471x628.jpg 471w, https:\/\/www.solems.com\/wp-content\/uploads\/Casque-653x870.jpg 653w, https:\/\/www.solems.com\/wp-content\/uploads\/Casque.jpg 700w\" sizes=\"auto, (max-width: 150px) 100vw, 150px\" \/>Welding in perfectly safe conditions is the goal of these liquid cristal filtered helmets. They turn dark automatically when the soldering ark is present. Thus, the eyes of the user are protected since the window becomes nearly completely opaque during welding. To use a solar cell here is interesting in situations where recharge and battery replacement is not convenient (public works, outside maintainance operations&#8230;)[\/vc_column_text][\/vc_column][\/vc_row][vc_row][vc_column][vc_empty_space height=&#8221;30px&#8221;][vc_column_text]<strong>Anti-pollution &#8220;airbag&#8221;<\/strong><\/p>\n<p><img loading=\"lazy\" decoding=\"async\" class=\"wp-image-880 alignleft\" src=\"https:\/\/www.solems.com\/wp-content\/uploads\/produit_la_8691-300x225.jpg\" alt=\"produit_la_8691\" width=\"230\" height=\"172\" srcset=\"https:\/\/www.solems.com\/wp-content\/uploads\/produit_la_8691-300x225.jpg 300w, https:\/\/www.solems.com\/wp-content\/uploads\/produit_la_8691-409x307.jpg 409w, https:\/\/www.solems.com\/wp-content\/uploads\/produit_la_8691-555x416.jpg 555w, https:\/\/www.solems.com\/wp-content\/uploads\/produit_la_8691-471x353.jpg 471w, https:\/\/www.solems.com\/wp-content\/uploads\/produit_la_8691.jpg 640w\" sizes=\"auto, (max-width: 230px) 100vw, 230px\" \/><img loading=\"lazy\" decoding=\"async\" class=\"alignright wp-image-881 size-full\" src=\"https:\/\/www.solems.com\/wp-content\/uploads\/produit_la_8688.jpg\" alt=\"produit_la_8688\" width=\"164\" height=\"196\" \/><\/p>\n<p>Those rubber bags can be inflated from a distance on request, like an airbag, in order to block up the fluids in large diameter pipes. In an industrial plant, for example a chemical factory, it is very important to be able to control the nature of the fluids rejected in the grid of pipes. In case a polluted liquid is accidentally rejected, these bags will prevent the fluids to flow outside the plant.<\/p>\n<p>When the blow up control is far from any power source; the SOLEMS solar panel (see on top of the cabinet) makes it 100% independant and reliable for a moderate cost.[\/vc_column_text][\/vc_column][\/vc_row][vc_row][vc_column][vc_empty_space height=&#8221;30px&#8221;][vc_column_text]<strong> Pool cover automatic roll-up<\/strong><\/p>\n<p><img loading=\"lazy\" decoding=\"async\" class=\"alignright wp-image-884\" src=\"https:\/\/www.solems.com\/wp-content\/uploads\/Enrouleur_piscine-300x236.jpg\" alt=\"Enrouleur_piscine\" width=\"200\" height=\"157\" srcset=\"https:\/\/www.solems.com\/wp-content\/uploads\/Enrouleur_piscine-300x236.jpg 300w, https:\/\/www.solems.com\/wp-content\/uploads\/Enrouleur_piscine.jpg 332w\" sizes=\"auto, (max-width: 200px) 100vw, 200px\" \/><\/p>\n<p>A motor makes it easy to close the swiming pool cover, when needed.<\/p>\n<p>With SOLEMS 24V solar modules, the 2 x 12V batteries are continously recharged. No cables to connect to the house, it is much simpler and avoids to damage the pool surroundings. Several models are avalable depending on the pool size. And the system are made in conformity with the pool security standards.[\/vc_column_text][\/vc_column][\/vc_row][vc_row][vc_column][vc_empty_space height=&#8221;30px&#8221;][vc_column_text]<strong> Weather stations<\/strong><\/p>\n<p><img loading=\"lazy\" decoding=\"async\" class=\"alignright wp-image-885 size-full\" src=\"https:\/\/www.solems.com\/wp-content\/uploads\/Station_meteo.jpg\" alt=\"Station_meteo\" width=\"184\" height=\"222\" \/>Measure the weather parameters (temperature, wind speed, solar radiation, rain&#8230;), anticipate the meteorological events, store the data to run statisitcs &#8230;etc are the roles of these light remote weather stations, adapted to the hardest climatic conditions. Lowq consumption highly relaible sensors allow these stations to be implemented anywhere, without any grid connection , in any country in the world. SOLEMS supplies for these stations very small weatherproof 6V panels with the customer cable, and they are glued on the polyester cabinet with a silicone rubber. Also the CYCLON battery is controlled and supplied by SOLEMS.[\/vc_column_text][\/vc_column][\/vc_row][vc_row][vc_column][vc_empty_space height=&#8221;30px&#8221;][vc_column_text]<strong> Battery charger<\/strong><\/p>\n<p><img loading=\"lazy\" decoding=\"async\" class=\"size-medium wp-image-1380 alignright\" src=\"https:\/\/www.solems.com\/wp-content\/uploads\/CHARG2_leger-300x192.jpg\" alt=\"CHARG2_leger\" width=\"300\" height=\"192\" srcset=\"https:\/\/www.solems.com\/wp-content\/uploads\/CHARG2_leger-300x192.jpg 300w, https:\/\/www.solems.com\/wp-content\/uploads\/CHARG2_leger-409x261.jpg 409w, https:\/\/www.solems.com\/wp-content\/uploads\/CHARG2_leger.jpg 427w\" sizes=\"auto, (max-width: 300px) 100vw, 300px\" \/>Charging batteries for private use is always necessary and solar energy is a clean and enjoyable way to do so. Here some classmates have designed a compact and convenient battery charger with a SOLEMS solar cell, that can be placed on a balcony. In order to avoid overcharge, an appropriate electronic control has been added.[\/vc_column_text][\/vc_column][\/vc_row][vc_row][vc_column][vc_empty_space height=&#8221;30px&#8221;][vc_column_text]<strong> Parking place barrier<\/strong><\/p>\n<p><img loading=\"lazy\" decoding=\"async\" class=\"size-full wp-image-891 alignright\" src=\"https:\/\/www.solems.com\/wp-content\/uploads\/parking-vf.jpg\" alt=\"parking-vf\" width=\"200\" height=\"132\" \/><\/p>\n<p>With this metallic barrier that goes up and down with a small motor, activated by a remote control, the parking place is maintained free for the private user. Without getting out of the car. This system also suits to administrations, hospitals, banks&#8230;<\/p>\n<p>A photovoltaic module on such a system means autonomy, easy set up and permanent charge : total serenity ![\/vc_column_text][\/vc_column][\/vc_row][vc_row][vc_column][vc_empty_space height=&#8221;30px&#8221;][vc_column_text]<strong>Analyseur de poussi\u00e8res<\/strong><\/p>\n<p><img loading=\"lazy\" decoding=\"async\" class=\"size-medium wp-image-862 alignright\" src=\"https:\/\/www.solems.com\/wp-content\/uploads\/Analyseur_de_poussieres-300x223.jpg\" alt=\"Analyseur_de_poussieres\" width=\"300\" height=\"223\" srcset=\"https:\/\/www.solems.com\/wp-content\/uploads\/Analyseur_de_poussieres-300x223.jpg 300w, https:\/\/www.solems.com\/wp-content\/uploads\/Analyseur_de_poussieres-768x571.jpg 768w, https:\/\/www.solems.com\/wp-content\/uploads\/Analyseur_de_poussieres-900x669.jpg 900w, https:\/\/www.solems.com\/wp-content\/uploads\/Analyseur_de_poussieres-409x304.jpg 409w, https:\/\/www.solems.com\/wp-content\/uploads\/Analyseur_de_poussieres-555x413.jpg 555w, https:\/\/www.solems.com\/wp-content\/uploads\/Analyseur_de_poussieres-471x350.jpg 471w, https:\/\/www.solems.com\/wp-content\/uploads\/Analyseur_de_poussieres-653x486.jpg 653w, https:\/\/www.solems.com\/wp-content\/uploads\/Analyseur_de_poussieres.jpg 937w\" sizes=\"auto, (max-width: 300px) 100vw, 300px\" \/>Ces stations de mesure de poussi\u00e8res install\u00e9es au port min\u00e9ralier de Nouadhibou en Mauritanie permettent de v\u00e9rifier le respect des normes environnementales par l\u2019exploitant du minerai de fer. Le port min\u00e9ralier est situ\u00e9 sur le Cap Blanc. La plupart du temps balay\u00e9 par de forts vents, il est habit\u00e9 par une colonie de phoques moines.<\/p>\n<p>La solution solaire a \u00e9t\u00e9 retenue compte-tenu de l\u2019emplacement isol\u00e9 des stations de mesure et de sa capacit\u00e9 \u00e0 endurer des conditions extr\u00eames : atmosph\u00e8re marine, vents de sables, fortes temp\u00e9ratures.[\/vc_column_text][\/vc_column][\/vc_row][vc_row][vc_column][vc_empty_space height=&#8221;30px&#8221;][\/vc_column][\/vc_row]<\/p>\n","protected":false},"excerpt":{"rendered":"<p>[vc_row][vc_column][vc_column_text]Examples of equipments powered by SOLEMS cells or modules &#8230; the products shown here are our customer\u2019s : in case of interest, SOLEMS will give you their contact. [\/vc_column_text][\/vc_column][\/vc_row][vc_row][vc_column][vc_empty_space height=&#8221;30px&#8221;][vc_column_text]Swiming pool water purifier It is a small water purifier, independant, light and water-borne, combining solar energy generation and ionisation. This allows a healthy and efficient [&hellip;]<\/p>\n","protected":false},"author":1,"featured_media":0,"parent":0,"menu_order":0,"comment_status":"closed","ping_status":"closed","template":"page-tpl_full_width.php","meta":{"footnotes":""},"class_list":["post-1368","page","type-page","status-publish","hentry"],"yoast_head":"<!-- This site is optimized with the Yoast SEO plugin v26.8 - https:\/\/yoast.com\/product\/yoast-seo-wordpress\/ -->\n<title>Solar applications - Panneaux Solaires au Silicium | Solems.com<\/title>\n<meta name=\"robots\" content=\"index, follow, max-snippet:-1, max-image-preview:large, max-video-preview:-1\" \/>\n<link rel=\"canonical\" href=\"https:\/\/www.solems.com\/exemples-dutilisation-energie\" \/>\n<meta name=\"twitter:label1\" content=\"Est. reading time\" \/>\n\t<meta name=\"twitter:data1\" content=\"7 minutes\" \/>\n<script type=\"application\/ld+json\" class=\"yoast-schema-graph\">{\"@context\":\"https:\/\/schema.org\",\"@graph\":[{\"@type\":\"WebPage\",\"@id\":\"https:\/\/www.solems.com\/exemples-dutilisation-energie\",\"url\":\"https:\/\/www.solems.com\/exemples-dutilisation-energie\",\"name\":\"Solar applications - Panneaux Solaires au Silicium | Solems.com\",\"isPartOf\":{\"@id\":\"https:\/\/www.solems.com\/#website\"},\"primaryImageOfPage\":{\"@id\":\"https:\/\/www.solems.com\/exemples-dutilisation-energie#primaryimage\"},\"image\":{\"@id\":\"https:\/\/www.solems.com\/exemples-dutilisation-energie#primaryimage\"},\"thumbnailUrl\":\"https:\/\/www.solems.com\/wp-content\/uploads\/ioniseur-net-eau-pleco-60_big-300x300.jpg\",\"datePublished\":\"2016-07-25T09:41:13+00:00\",\"dateModified\":\"2016-10-17T13:38:02+00:00\",\"breadcrumb\":{\"@id\":\"https:\/\/www.solems.com\/exemples-dutilisation-energie#breadcrumb\"},\"inLanguage\":\"en-US\",\"potentialAction\":[{\"@type\":\"ReadAction\",\"target\":[\"https:\/\/www.solems.com\/exemples-dutilisation-energie\"]}]},{\"@type\":\"ImageObject\",\"inLanguage\":\"en-US\",\"@id\":\"https:\/\/www.solems.com\/exemples-dutilisation-energie#primaryimage\",\"url\":\"https:\/\/www.solems.com\/wp-content\/uploads\/ioniseur-net-eau-pleco-60_big-300x300.jpg\",\"contentUrl\":\"https:\/\/www.solems.com\/wp-content\/uploads\/ioniseur-net-eau-pleco-60_big-300x300.jpg\"},{\"@type\":\"BreadcrumbList\",\"@id\":\"https:\/\/www.solems.com\/exemples-dutilisation-energie#breadcrumb\",\"itemListElement\":[{\"@type\":\"ListItem\",\"position\":1,\"name\":\"Accueil\",\"item\":\"https:\/\/www.solems.com\/\"},{\"@type\":\"ListItem\",\"position\":2,\"name\":\"Solar applications\"}]},{\"@type\":\"WebSite\",\"@id\":\"https:\/\/www.solems.com\/#website\",\"url\":\"https:\/\/www.solems.com\/\",\"name\":\"Panneaux Solaires au Silicium | Solems.com\",\"description\":\"\",\"potentialAction\":[{\"@type\":\"SearchAction\",\"target\":{\"@type\":\"EntryPoint\",\"urlTemplate\":\"https:\/\/www.solems.com\/?s={search_term_string}\"},\"query-input\":{\"@type\":\"PropertyValueSpecification\",\"valueRequired\":true,\"valueName\":\"search_term_string\"}}],\"inLanguage\":\"en-US\"}]}<\/script>\n<!-- \/ Yoast SEO plugin. -->","yoast_head_json":{"title":"Solar applications - Panneaux Solaires au Silicium | Solems.com","robots":{"index":"index","follow":"follow","max-snippet":"max-snippet:-1","max-image-preview":"max-image-preview:large","max-video-preview":"max-video-preview:-1"},"canonical":"https:\/\/www.solems.com\/exemples-dutilisation-energie","twitter_misc":{"Est. reading time":"7 minutes"},"schema":{"@context":"https:\/\/schema.org","@graph":[{"@type":"WebPage","@id":"https:\/\/www.solems.com\/exemples-dutilisation-energie","url":"https:\/\/www.solems.com\/exemples-dutilisation-energie","name":"Solar applications - Panneaux Solaires au Silicium | Solems.com","isPartOf":{"@id":"https:\/\/www.solems.com\/#website"},"primaryImageOfPage":{"@id":"https:\/\/www.solems.com\/exemples-dutilisation-energie#primaryimage"},"image":{"@id":"https:\/\/www.solems.com\/exemples-dutilisation-energie#primaryimage"},"thumbnailUrl":"https:\/\/www.solems.com\/wp-content\/uploads\/ioniseur-net-eau-pleco-60_big-300x300.jpg","datePublished":"2016-07-25T09:41:13+00:00","dateModified":"2016-10-17T13:38:02+00:00","breadcrumb":{"@id":"https:\/\/www.solems.com\/exemples-dutilisation-energie#breadcrumb"},"inLanguage":"en-US","potentialAction":[{"@type":"ReadAction","target":["https:\/\/www.solems.com\/exemples-dutilisation-energie"]}]},{"@type":"ImageObject","inLanguage":"en-US","@id":"https:\/\/www.solems.com\/exemples-dutilisation-energie#primaryimage","url":"https:\/\/www.solems.com\/wp-content\/uploads\/ioniseur-net-eau-pleco-60_big-300x300.jpg","contentUrl":"https:\/\/www.solems.com\/wp-content\/uploads\/ioniseur-net-eau-pleco-60_big-300x300.jpg"},{"@type":"BreadcrumbList","@id":"https:\/\/www.solems.com\/exemples-dutilisation-energie#breadcrumb","itemListElement":[{"@type":"ListItem","position":1,"name":"Accueil","item":"https:\/\/www.solems.com\/"},{"@type":"ListItem","position":2,"name":"Solar applications"}]},{"@type":"WebSite","@id":"https:\/\/www.solems.com\/#website","url":"https:\/\/www.solems.com\/","name":"Panneaux Solaires au Silicium | Solems.com","description":"","potentialAction":[{"@type":"SearchAction","target":{"@type":"EntryPoint","urlTemplate":"https:\/\/www.solems.com\/?s={search_term_string}"},"query-input":{"@type":"PropertyValueSpecification","valueRequired":true,"valueName":"search_term_string"}}],"inLanguage":"en-US"}]}},"_links":{"self":[{"href":"https:\/\/www.solems.com\/en\/wp-json\/wp\/v2\/pages\/1368","targetHints":{"allow":["GET"]}}],"collection":[{"href":"https:\/\/www.solems.com\/en\/wp-json\/wp\/v2\/pages"}],"about":[{"href":"https:\/\/www.solems.com\/en\/wp-json\/wp\/v2\/types\/page"}],"author":[{"embeddable":true,"href":"https:\/\/www.solems.com\/en\/wp-json\/wp\/v2\/users\/1"}],"replies":[{"embeddable":true,"href":"https:\/\/www.solems.com\/en\/wp-json\/wp\/v2\/comments?post=1368"}],"version-history":[{"count":10,"href":"https:\/\/www.solems.com\/en\/wp-json\/wp\/v2\/pages\/1368\/revisions"}],"predecessor-version":[{"id":2176,"href":"https:\/\/www.solems.com\/en\/wp-json\/wp\/v2\/pages\/1368\/revisions\/2176"}],"wp:attachment":[{"href":"https:\/\/www.solems.com\/en\/wp-json\/wp\/v2\/media?parent=1368"}],"curies":[{"name":"wp","href":"https:\/\/api.w.org\/{rel}","templated":true}]}}