{"id":1520,"date":"2016-07-27T17:22:09","date_gmt":"2016-07-27T15:22:09","guid":{"rendered":"https:\/\/www.solems.com\/en\/?page_id=1520"},"modified":"2016-10-17T16:10:39","modified_gmt":"2016-10-17T14:10:39","slug":"materials-science","status":"publish","type":"page","link":"https:\/\/www.solems.com\/en\/materials-science","title":{"rendered":"Materials Science"},"content":{"rendered":"<p>[vc_row][vc_column][vc_single_image image=&#8221;1873&#8243; img_size=&#8221;medium&#8221;][vc_empty_space height=&#8221;30px&#8221;][vc_column_text]SOLEMS high-tech materials : the silicon-based thin-film semiconductors and alloys, intrinsic or doped, the transparent conducting oxides, the ultra-thin metallic coatings, as well as their physical, optical and electronic properties require scientific and technological knowledge in many fields :<\/p>\n<ul>\n<li>Solid-state physics,<\/li>\n<li>Semi-conductor physics,<\/li>\n<li>PVD and PECVD thin-film coatings<\/li>\n<li>Opto-electronic properties<\/li>\n<li>Thermal and mechanical behaviour<\/li>\n<li>Climatic aging \u2026<\/li>\n<\/ul>\n<p>This research and development activities are very active both inside SOLEMS and through our partnerships, and research programs both at the national and European level.<\/p>\n<p><strong>French partner laboratories<\/strong><\/p>\n<ul>\n<li><a href=\"http:\/\/lgep.geeps.centralesupelec.fr\" target=\"_blank\"><span style=\"text-decoration: underline;\">Laboratoire GEEPS<\/span><\/a>, G\u00e9nie \u00e9lectrique et \u00e9lectronique de Paris, Centrale-Sup\u00e9lec<\/li>\n<li><span style=\"text-decoration: underline;\"><a href=\"https:\/\/portail.polytechnique.edu\/lpicm\/fr\" target=\"_blank\">LPICM<\/a><\/span> , Laboratoire de Physique des Interfaces et des Couches Minces, \u00e0 l\u2019\u00c9cole Polytechnique<\/li>\n<li><span style=\"text-decoration: underline;\"><a href=\"http:\/\/www.ines-solaire.org\/\" target=\"_blank\">INES<\/a><\/span>, institut de l\u2019\u00e9nergie solaire<\/li>\n<li>Divers laboratoires du CNRS, <span style=\"text-decoration: underline;\"><a href=\"http:\/\/www.icmcb-bordeaux.cnrs.fr\/\" target=\"_blank\">ICMCB<\/a><\/span> \u00e0 Bordeaux, <span style=\"text-decoration: underline;\"><a href=\"https:\/\/www.laas.fr\/public\/\" target=\"_blank\">LAAS<\/a><\/span> \u00e0 Toulouse<\/li>\n<li>M\u00e9t\u00e9o-France, <span style=\"text-decoration: underline;\"><a href=\"http:\/\/institut.inra.fr\/\" target=\"_blank\">INRA<\/a><\/span>, centres de Grignon et d\u2019Avignon notamment<\/li>\n<\/ul>\n<p><strong>European projects<br \/>\n<\/strong><\/p>\n<ul>\n<li><span style=\"color: #318ce7;\">SOLINOX<\/span> <em>Projet Eur\u00e9ka<\/em>\u00a0: Cellules solaires sur inox pour applications horlog\u00e8res, 1997-2000<\/li>\n<li><span style=\"color: #318ce7;\">EUROPSB<\/span>, European Polymer Solar Battery, 2002-2005 on polymer flexible solar cells connected to thin-film batteries<\/li>\n<li><span style=\"text-decoration: underline; color: #318ce7;\"><a style=\"color: #318ce7; text-decoration: underline;\" href=\"http:\/\/cordis.europa.eu\/result\/rcn\/50787_en.html\" target=\"_blank\">NANOEFFECTS<\/a><\/span>, Nanocomposite with High Colouration Efficiency for Electrochromic Smart Plastic Devices, 2004-2007, on special oxides layers for electrochromic devices<\/li>\n<li><span style=\"text-decoration: underline; color: #318ce7;\"><a style=\"color: #318ce7; text-decoration: underline;\" href=\"http:\/\/www.innoshade.eu\" target=\"_blank\">INNOSHADE<\/a> <\/span>Innovative Switchable Shading Appliances based on Nanomaterials and Hybrid Electrochromic Device Configurations, 2008-2012, still about electrchromic organic applications<\/li>\n<li><span style=\"color: #318ce7;\">SMART-EC<\/span>, Heterogeneous integration of autonomous smart films based on electrochromic transistors, 2010-2014,<\/li>\n<li><span style=\"text-decoration: underline; color: #318ce7;\"><a style=\"color: #318ce7; text-decoration: underline;\" href=\"http:\/\/www.enso-ecsel.fr\/\" target=\"_blank\">EnSO<\/a><\/span>,\u00a0Energy for Smart Objects, 2016-2020<\/li>\n<\/ul>\n<p><strong>\u00a0ANR projects (French \u00ab\u00a0Agence Nationale pour la Recherche\u00a0\u00bb)<\/strong><\/p>\n<ul>\n<li><span style=\"text-decoration: underline; color: #318ce7;\"><a style=\"color: #318ce7; text-decoration: underline;\" href=\"http:\/\/www.agence-nationale-recherche.fr\/?Projet=ANR-05-PSPV-0007\" target=\"_blank\">ATOS<\/a><\/span>, Association Tandem Optimis\u00e9es pour le Solaire, 2005-2008<\/li>\n<li><span style=\"text-decoration: underline; color: #318ce7;\"><a style=\"color: #318ce7; text-decoration: underline;\" href=\"http:\/\/www.agence-nationale-recherche.fr\/?Projet=ANR-08-HABI-0013\" target=\"_blank\">SOLHYPIN<\/a><\/span>, Cellules pin hybrides, 2008-2011<\/li>\n<\/ul>\n<p>[\/vc_column_text][\/vc_column][\/vc_row]<\/p>\n","protected":false},"excerpt":{"rendered":"<p>[vc_row][vc_column][vc_single_image image=&#8221;1873&#8243; img_size=&#8221;medium&#8221;][vc_empty_space height=&#8221;30px&#8221;][vc_column_text]SOLEMS high-tech materials : the silicon-based thin-film semiconductors and alloys, intrinsic or doped, the transparent conducting oxides, the ultra-thin metallic coatings, as well as their physical, optical and electronic properties require scientific and technological knowledge in many fields : Solid-state physics, Semi-conductor physics, PVD and PECVD thin-film coatings Opto-electronic properties Thermal and [&hellip;]<\/p>\n","protected":false},"author":1,"featured_media":0,"parent":0,"menu_order":0,"comment_status":"closed","ping_status":"closed","template":"page-tpl_full_width.php","meta":{"footnotes":""},"class_list":["post-1520","page","type-page","status-publish","hentry"],"yoast_head":"<!-- This site is optimized with the Yoast SEO plugin v26.8 - https:\/\/yoast.com\/product\/yoast-seo-wordpress\/ -->\n<title>Materials Science - Panneaux Solaires au Silicium | Solems.com<\/title>\n<meta name=\"robots\" content=\"index, follow, max-snippet:-1, max-image-preview:large, max-video-preview:-1\" \/>\n<link rel=\"canonical\" href=\"https:\/\/www.solems.com\/en\/materials-science\" \/>\n<meta name=\"twitter:label1\" content=\"Est. reading time\" \/>\n\t<meta name=\"twitter:data1\" content=\"1 minute\" \/>\n<script type=\"application\/ld+json\" class=\"yoast-schema-graph\">{\"@context\":\"https:\/\/schema.org\",\"@graph\":[{\"@type\":\"WebPage\",\"@id\":\"https:\/\/www.solems.com\/en\/materials-science\",\"url\":\"https:\/\/www.solems.com\/en\/materials-science\",\"name\":\"Materials Science - Panneaux Solaires au Silicium | Solems.com\",\"isPartOf\":{\"@id\":\"https:\/\/www.solems.com\/#website\"},\"datePublished\":\"2016-07-27T15:22:09+00:00\",\"dateModified\":\"2016-10-17T14:10:39+00:00\",\"breadcrumb\":{\"@id\":\"https:\/\/www.solems.com\/en\/materials-science#breadcrumb\"},\"inLanguage\":\"en-US\",\"potentialAction\":[{\"@type\":\"ReadAction\",\"target\":[\"https:\/\/www.solems.com\/en\/materials-science\"]}]},{\"@type\":\"BreadcrumbList\",\"@id\":\"https:\/\/www.solems.com\/en\/materials-science#breadcrumb\",\"itemListElement\":[{\"@type\":\"ListItem\",\"position\":1,\"name\":\"Accueil\",\"item\":\"https:\/\/www.solems.com\/\"},{\"@type\":\"ListItem\",\"position\":2,\"name\":\"Materials Science\"}]},{\"@type\":\"WebSite\",\"@id\":\"https:\/\/www.solems.com\/#website\",\"url\":\"https:\/\/www.solems.com\/\",\"name\":\"Panneaux Solaires au Silicium | Solems.com\",\"description\":\"\",\"potentialAction\":[{\"@type\":\"SearchAction\",\"target\":{\"@type\":\"EntryPoint\",\"urlTemplate\":\"https:\/\/www.solems.com\/?s={search_term_string}\"},\"query-input\":{\"@type\":\"PropertyValueSpecification\",\"valueRequired\":true,\"valueName\":\"search_term_string\"}}],\"inLanguage\":\"en-US\"}]}<\/script>\n<!-- \/ Yoast SEO plugin. -->","yoast_head_json":{"title":"Materials Science - Panneaux Solaires au Silicium | Solems.com","robots":{"index":"index","follow":"follow","max-snippet":"max-snippet:-1","max-image-preview":"max-image-preview:large","max-video-preview":"max-video-preview:-1"},"canonical":"https:\/\/www.solems.com\/en\/materials-science","twitter_misc":{"Est. reading time":"1 minute"},"schema":{"@context":"https:\/\/schema.org","@graph":[{"@type":"WebPage","@id":"https:\/\/www.solems.com\/en\/materials-science","url":"https:\/\/www.solems.com\/en\/materials-science","name":"Materials Science - Panneaux Solaires au Silicium | Solems.com","isPartOf":{"@id":"https:\/\/www.solems.com\/#website"},"datePublished":"2016-07-27T15:22:09+00:00","dateModified":"2016-10-17T14:10:39+00:00","breadcrumb":{"@id":"https:\/\/www.solems.com\/en\/materials-science#breadcrumb"},"inLanguage":"en-US","potentialAction":[{"@type":"ReadAction","target":["https:\/\/www.solems.com\/en\/materials-science"]}]},{"@type":"BreadcrumbList","@id":"https:\/\/www.solems.com\/en\/materials-science#breadcrumb","itemListElement":[{"@type":"ListItem","position":1,"name":"Accueil","item":"https:\/\/www.solems.com\/"},{"@type":"ListItem","position":2,"name":"Materials Science"}]},{"@type":"WebSite","@id":"https:\/\/www.solems.com\/#website","url":"https:\/\/www.solems.com\/","name":"Panneaux Solaires au Silicium | Solems.com","description":"","potentialAction":[{"@type":"SearchAction","target":{"@type":"EntryPoint","urlTemplate":"https:\/\/www.solems.com\/?s={search_term_string}"},"query-input":{"@type":"PropertyValueSpecification","valueRequired":true,"valueName":"search_term_string"}}],"inLanguage":"en-US"}]}},"_links":{"self":[{"href":"https:\/\/www.solems.com\/en\/wp-json\/wp\/v2\/pages\/1520","targetHints":{"allow":["GET"]}}],"collection":[{"href":"https:\/\/www.solems.com\/en\/wp-json\/wp\/v2\/pages"}],"about":[{"href":"https:\/\/www.solems.com\/en\/wp-json\/wp\/v2\/types\/page"}],"author":[{"embeddable":true,"href":"https:\/\/www.solems.com\/en\/wp-json\/wp\/v2\/users\/1"}],"replies":[{"embeddable":true,"href":"https:\/\/www.solems.com\/en\/wp-json\/wp\/v2\/comments?post=1520"}],"version-history":[{"count":11,"href":"https:\/\/www.solems.com\/en\/wp-json\/wp\/v2\/pages\/1520\/revisions"}],"predecessor-version":[{"id":2183,"href":"https:\/\/www.solems.com\/en\/wp-json\/wp\/v2\/pages\/1520\/revisions\/2183"}],"wp:attachment":[{"href":"https:\/\/www.solems.com\/en\/wp-json\/wp\/v2\/media?parent=1520"}],"curies":[{"name":"wp","href":"https:\/\/api.w.org\/{rel}","templated":true}]}}