{"id":1526,"date":"2016-07-27T17:24:46","date_gmt":"2016-07-27T15:24:46","guid":{"rendered":"https:\/\/www.solems.com\/en\/?page_id=1526"},"modified":"2016-09-27T12:25:06","modified_gmt":"2016-09-27T10:25:06","slug":"thin-films","status":"publish","type":"page","link":"https:\/\/www.solems.com\/en\/thin-films","title":{"rendered":"Thin films"},"content":{"rendered":"<p>[vc_row][vc_column][vc_column_text]SOLEMS thin film technology devoted to solar cells and modules production is \u00abthin film silicon\u00a0\u00bb or \u00ab\u00a0amorphous silicon\u00a0\u00bb technology, single junction.[\/vc_column_text][vc_single_image image=&#8221;1953&#8243; img_size=&#8221;full&#8221; alignment=&#8221;center&#8221;][vc_column_text]The benefits of this design\u00a0:<\/p>\n<ul>\n<li>Amorphous silicon light-absorption coefficient quite high over the solar spectrum; therefore only a thin film is necessary (&lt; 1 micrometer thick).<\/li>\n<li>The films can easily be patterned (for example by laser, see below), making easy the series connection between neighboring cells, avoiding bus soldering<\/li>\n<li>Very low amount of silicon material used<\/li>\n<li>Excellent conversion efficiency under <strong>low illumination<\/strong> light source<\/li>\n<\/ul>\n<p><em><a href=\"https:\/\/www.solems.com\/en\/indoor-solar-cells\">See &#8220;solar cells&#8221;<\/a><\/em>\u00a0-&gt; fiche produit[\/vc_column_text][\/vc_column][\/vc_row][vc_row][vc_column][vc_empty_space height=&#8221;30px&#8221;]<div class=\"ind-title-wrap\"><h2 style=\"\" class=\"ind-title\">Thin film production<\/h2><\/div>[vc_empty_space height=&#8221;15px&#8221;][vc_column_text]In SOLEMS two main production processes of thin film production, among vacuum technologies are available :<\/p>\n<ul>\n<li>PECVD \u00ab\u00a0Plasma Enhanced Chemical Vapor Deposition\u00a0\u00bb ou D\u00e9p\u00f4t chimique en phase vapeur assist\u00e9 par plasma<\/li>\n<\/ul>\n<p>and<\/p>\n<ul>\n<li>la PVD \u00ab\u00a0Physical Vapor Deposition\u00a0\u00bb, more precisely \u00ab\u00a0Magnetron supttering\u00a0\u00bb<\/li>\n<\/ul>\n<p>[\/vc_column_text][\/vc_column][\/vc_row][vc_row][vc_column][vc_empty_space height=&#8221;30px&#8221;]<div class=\"ind-title-wrap\"><h2 style=\"\" class=\"ind-title\">PECVD process<\/h2><\/div>[vc_empty_space height=&#8221;15px&#8221;][vc_column_text]This technique is dedicated to the production of thin film materials on a substrate, from a gas precursor, in a reactor pumped down to secondary vacuum. For the deposition of silicon and silicon-based coatings, the main precursor is Silane (SiH4). It is broken down in a plasma * created inside the reactor. This plasma is produced by an electrical RF discharge (13.56 MHz) between 2 electrodes. Other gases are added in order to produce alloys: for example CH4 for SiC compounds, B2H6 for p-doped silicon, and \u00a0PH3 for n-doped. The substrate sheets placed inside the reactor are heated up to 150-200\u00b0C prior to deposition. Then the stack of the different layers p-i-n necessary to create a photovoltaic junction is made during a single process by changing the gas mixture, without stopping the plasma.<\/p>\n<p><em>* <\/em><em>a plasma is a ionized medium made up of electrons, ions, photons\u00a0and neutral species, in the fundamental or excited state. It is created by a discharge. The species are created by collision of the gas molecules with fast electrons (primary reactions) and between them when they are reactive (secondary reactions).<\/em>[\/vc_column_text][vc_single_image image=&#8221;1955&#8243; img_size=&#8221;450&#215;511&#8243; add_caption=&#8221;yes&#8221; alignment=&#8221;center&#8221; css=&#8221;.vc_custom_1474270880863{margin-top: 20px !important;}&#8221;][\/vc_column][\/vc_row][vc_row][vc_column][vc_empty_space height=&#8221;30px&#8221;]<div class=\"ind-title-wrap\"><h2 style=\"\" class=\"ind-title\">Magnetron sputtering<\/h2><\/div>[vc_empty_space height=&#8221;15px&#8221;][vc_column_text]This process differs from the PECVD by the fact that the source of the thin film material is solid (the target) instead of gaseous. A neutral gas, generally Argon, is introduced inside the reactor, previously pumped down to secondary vacuum. Putting a negative voltage on the target (cathode) against the walls of the machine produces a plasma. The negative voltage attracts the Ar+ ions towards the target, ejecting some atoms from the target (\u201csputtering\u201d) that will condense on the substrate. The thin film forms according to several mechanisms depending on binding forces and collisions. For a better sputtering efficiency, a magnetic confinement of the electrons is made by magnets located on North-South top of the target.<\/p>\n<p>This technique is used for metallic films, oxides and nitrides. The low temperature if the process (&lt; 80\u00b0C) makes it compatible with polymer substrates.<\/p>\n<p>In SOLEMS it is used to produce Aluminum and Nickel films as solar cells and modules back contact and also to produce ITO films (Indium-tin-oxide) as substrates or special applications.[\/vc_column_text][vc_single_image image=&#8221;1956&#8243; img_size=&#8221;400&#215;435&#8243; add_caption=&#8221;yes&#8221; alignment=&#8221;center&#8221; css=&#8221;.vc_custom_1474270967721{margin-top: 20px !important;margin-bottom: 30px !important;}&#8221;][vc_column_text]The production of oxides instead of metallic films by PVD is done by addition of Oxygen to the Argon gas. It is the reactive sputtering technique. The coatings stoechiometry is tuned by oxygen partial pressure essentially. Sometimes an oxide is formed at the surface of the target first. The reactive gas (here oxygen) reacts with the surfaces located inside the reactor (target, substrate, walls) and modifies the electrical characteristics of the discharge.[\/vc_column_text][vc_single_image image=&#8221;1957&#8243; img_size=&#8221;450&#215;338&#8243; add_caption=&#8221;yes&#8221; alignment=&#8221;center&#8221; css=&#8221;.vc_custom_1474271015907{margin-top: 20px !important;}&#8221;][\/vc_column][\/vc_row][vc_row][vc_column][vc_empty_space height=&#8221;30px&#8221;]<div class=\"ind-title-wrap\"><h2 style=\"\" class=\"ind-title\">Thin film patterning<\/h2><\/div>[vc_empty_space height=&#8221;15px&#8221;][vc_column_text]<strong>SOLEMS has 4 ablation lasers :<\/strong><\/p>\n<ul>\n<li>2 YAG 1.064\u00b5m lasers with a Q-switch (pulsed lasers) delivering ultra-short pulses for the selective ablation of oxide layers\u00a0: FTO, ITO, ZnO\u2026<\/li>\n<li>2 YAG lasers with a double frequency\u00a0(532nm) also pulsed, dedicated to the ablation of silicion and silicon-based layers.<\/li>\n<\/ul>\n<p>The energy is guided in an optical fiber placed on a scribing X-Y table, therefore compatible with any patterning design.[\/vc_column_text][vc_single_image image=&#8221;1989&#8243; img_size=&#8221;full&#8221; alignment=&#8221;center&#8221; css=&#8221;.vc_custom_1474291887093{margin-top: 30px !important;margin-bottom: 30px !important;}&#8221;][vc_column_text]It s an ablation process because the layers are converted from solid to vapor state directly by sublimation thanks to the laser energy. By tuning the scanning speed and the Q-switch frequency, a line (for isolation) or separate spots (for contacting) are obtained.<\/p>\n<p>This technique is used to\u00a0:<\/p>\n<ul>\n<li>isolate some conductive areas on an conductive substrate<\/li>\n<li>cut very hard coatings without mechanical action<\/li>\n<li>Open apertures in a silicon thin film in order to create a contact passing through between the top and bottom (for series connections).<\/li>\n<\/ul>\n<p>[\/vc_column_text][\/vc_column][\/vc_row]<\/p>\n","protected":false},"excerpt":{"rendered":"<p>[vc_row][vc_column][vc_column_text]SOLEMS thin film technology devoted to solar cells and modules production is \u00abthin film silicon\u00a0\u00bb or \u00ab\u00a0amorphous silicon\u00a0\u00bb technology, single junction.[\/vc_column_text][vc_single_image image=&#8221;1953&#8243; img_size=&#8221;full&#8221; alignment=&#8221;center&#8221;][vc_column_text]The benefits of this design\u00a0: Amorphous silicon light-absorption coefficient quite high over the solar spectrum; therefore only a thin film is necessary (&lt; 1 micrometer thick). The films can easily be patterned [&hellip;]<\/p>\n","protected":false},"author":1,"featured_media":0,"parent":0,"menu_order":0,"comment_status":"closed","ping_status":"closed","template":"page-tpl_full_width.php","meta":{"footnotes":""},"class_list":["post-1526","page","type-page","status-publish","hentry"],"yoast_head":"<!-- This site is optimized with the Yoast SEO plugin v26.8 - https:\/\/yoast.com\/product\/yoast-seo-wordpress\/ -->\n<title>Thin films - Panneaux Solaires au Silicium | Solems.com<\/title>\n<meta name=\"robots\" content=\"index, follow, max-snippet:-1, max-image-preview:large, max-video-preview:-1\" \/>\n<link rel=\"canonical\" href=\"https:\/\/www.solems.com\/couches-minces\" \/>\n<meta name=\"twitter:label1\" content=\"Est. reading time\" \/>\n\t<meta name=\"twitter:data1\" content=\"5 minutes\" \/>\n<script type=\"application\/ld+json\" class=\"yoast-schema-graph\">{\"@context\":\"https:\/\/schema.org\",\"@graph\":[{\"@type\":\"WebPage\",\"@id\":\"https:\/\/www.solems.com\/couches-minces\",\"url\":\"https:\/\/www.solems.com\/couches-minces\",\"name\":\"Thin films - Panneaux Solaires au Silicium | Solems.com\",\"isPartOf\":{\"@id\":\"https:\/\/www.solems.com\/#website\"},\"datePublished\":\"2016-07-27T15:24:46+00:00\",\"dateModified\":\"2016-09-27T10:25:06+00:00\",\"breadcrumb\":{\"@id\":\"https:\/\/www.solems.com\/couches-minces#breadcrumb\"},\"inLanguage\":\"en-US\",\"potentialAction\":[{\"@type\":\"ReadAction\",\"target\":[\"https:\/\/www.solems.com\/couches-minces\"]}]},{\"@type\":\"BreadcrumbList\",\"@id\":\"https:\/\/www.solems.com\/couches-minces#breadcrumb\",\"itemListElement\":[{\"@type\":\"ListItem\",\"position\":1,\"name\":\"Accueil\",\"item\":\"https:\/\/www.solems.com\/\"},{\"@type\":\"ListItem\",\"position\":2,\"name\":\"Thin films\"}]},{\"@type\":\"WebSite\",\"@id\":\"https:\/\/www.solems.com\/#website\",\"url\":\"https:\/\/www.solems.com\/\",\"name\":\"Panneaux Solaires au Silicium | Solems.com\",\"description\":\"\",\"potentialAction\":[{\"@type\":\"SearchAction\",\"target\":{\"@type\":\"EntryPoint\",\"urlTemplate\":\"https:\/\/www.solems.com\/?s={search_term_string}\"},\"query-input\":{\"@type\":\"PropertyValueSpecification\",\"valueRequired\":true,\"valueName\":\"search_term_string\"}}],\"inLanguage\":\"en-US\"}]}<\/script>\n<!-- \/ Yoast SEO plugin. -->","yoast_head_json":{"title":"Thin films - Panneaux Solaires au Silicium | Solems.com","robots":{"index":"index","follow":"follow","max-snippet":"max-snippet:-1","max-image-preview":"max-image-preview:large","max-video-preview":"max-video-preview:-1"},"canonical":"https:\/\/www.solems.com\/couches-minces","twitter_misc":{"Est. reading time":"5 minutes"},"schema":{"@context":"https:\/\/schema.org","@graph":[{"@type":"WebPage","@id":"https:\/\/www.solems.com\/couches-minces","url":"https:\/\/www.solems.com\/couches-minces","name":"Thin films - Panneaux Solaires au Silicium | Solems.com","isPartOf":{"@id":"https:\/\/www.solems.com\/#website"},"datePublished":"2016-07-27T15:24:46+00:00","dateModified":"2016-09-27T10:25:06+00:00","breadcrumb":{"@id":"https:\/\/www.solems.com\/couches-minces#breadcrumb"},"inLanguage":"en-US","potentialAction":[{"@type":"ReadAction","target":["https:\/\/www.solems.com\/couches-minces"]}]},{"@type":"BreadcrumbList","@id":"https:\/\/www.solems.com\/couches-minces#breadcrumb","itemListElement":[{"@type":"ListItem","position":1,"name":"Accueil","item":"https:\/\/www.solems.com\/"},{"@type":"ListItem","position":2,"name":"Thin films"}]},{"@type":"WebSite","@id":"https:\/\/www.solems.com\/#website","url":"https:\/\/www.solems.com\/","name":"Panneaux Solaires au Silicium | Solems.com","description":"","potentialAction":[{"@type":"SearchAction","target":{"@type":"EntryPoint","urlTemplate":"https:\/\/www.solems.com\/?s={search_term_string}"},"query-input":{"@type":"PropertyValueSpecification","valueRequired":true,"valueName":"search_term_string"}}],"inLanguage":"en-US"}]}},"_links":{"self":[{"href":"https:\/\/www.solems.com\/en\/wp-json\/wp\/v2\/pages\/1526","targetHints":{"allow":["GET"]}}],"collection":[{"href":"https:\/\/www.solems.com\/en\/wp-json\/wp\/v2\/pages"}],"about":[{"href":"https:\/\/www.solems.com\/en\/wp-json\/wp\/v2\/types\/page"}],"author":[{"embeddable":true,"href":"https:\/\/www.solems.com\/en\/wp-json\/wp\/v2\/users\/1"}],"replies":[{"embeddable":true,"href":"https:\/\/www.solems.com\/en\/wp-json\/wp\/v2\/comments?post=1526"}],"version-history":[{"count":9,"href":"https:\/\/www.solems.com\/en\/wp-json\/wp\/v2\/pages\/1526\/revisions"}],"predecessor-version":[{"id":2020,"href":"https:\/\/www.solems.com\/en\/wp-json\/wp\/v2\/pages\/1526\/revisions\/2020"}],"wp:attachment":[{"href":"https:\/\/www.solems.com\/en\/wp-json\/wp\/v2\/media?parent=1526"}],"curies":[{"name":"wp","href":"https:\/\/api.w.org\/{rel}","templated":true}]}}