{"id":2024,"date":"2016-09-26T10:29:52","date_gmt":"2016-09-26T08:29:52","guid":{"rendered":"https:\/\/www.solems.com\/en\/?page_id=2024"},"modified":"2016-10-17T16:56:29","modified_gmt":"2016-10-17T14:56:29","slug":"legal-notice","status":"publish","type":"page","link":"https:\/\/www.solems.com\/en\/legal-notice","title":{"rendered":"Legal Notice"},"content":{"rendered":"<p>SOLEMS S.A.<br \/>\n3 rue L\u00e9on Blum<br \/>\nF- 91120 PALAISEAU<br \/>\nFrance<br \/>\nPhone : 33 (0) 1 69 19 43 40<br \/>\nFax : 33 (0) 1 60 13 37 43<br \/>\nE-mail: <a href=\"mailto:info@solems.com\">info@solems.com<\/a><\/p>\n<ul>\n<li>Soci\u00e9t\u00e9 Anonyme au Capital de 304 898 \u20ac<\/li>\n<li>R.C.S. EVRY<\/li>\n<li>SIRET 322 625 534 00019<\/li>\n<li>Code APE 2611Z<\/li>\n<li>VAT n\u00b0 : FR 41 322 625 534<\/li>\n<li>Bank : BP Rives de Paris<\/li>\n<li>EORI FR 322 625 534 0001<\/li>\n<\/ul>\n","protected":false},"excerpt":{"rendered":"<p>SOLEMS S.A. 3 rue L\u00e9on Blum F- 91120 PALAISEAU France Phone : 33 (0) 1 69 19 43 40 Fax : 33 (0) 1 60 13 37 43 E-mail: info@solems.com Soci\u00e9t\u00e9 Anonyme au Capital de 304 898 \u20ac R.C.S. EVRY SIRET 322 625 534 00019 Code APE 2611Z VAT n\u00b0 : FR 41 322 625 [&hellip;]<\/p>\n","protected":false},"author":1,"featured_media":0,"parent":0,"menu_order":0,"comment_status":"closed","ping_status":"closed","template":"page-tpl_full_width.php","meta":{"footnotes":""},"class_list":["post-2024","page","type-page","status-publish","hentry"],"yoast_head":"<!-- This site is optimized with the Yoast SEO plugin v26.8 - https:\/\/yoast.com\/product\/yoast-seo-wordpress\/ -->\n<title>Legal Notice - Panneaux Solaires au Silicium | Solems.com<\/title>\n<meta name=\"robots\" content=\"index, follow, max-snippet:-1, max-image-preview:large, max-video-preview:-1\" \/>\n<link rel=\"canonical\" href=\"https:\/\/www.solems.com\/mentions-legales\" \/>\n<script type=\"application\/ld+json\" class=\"yoast-schema-graph\">{\"@context\":\"https:\/\/schema.org\",\"@graph\":[{\"@type\":\"WebPage\",\"@id\":\"https:\/\/www.solems.com\/mentions-legales\",\"url\":\"https:\/\/www.solems.com\/mentions-legales\",\"name\":\"Legal Notice - Panneaux Solaires au Silicium | Solems.com\",\"isPartOf\":{\"@id\":\"https:\/\/www.solems.com\/#website\"},\"datePublished\":\"2016-09-26T08:29:52+00:00\",\"dateModified\":\"2016-10-17T14:56:29+00:00\",\"breadcrumb\":{\"@id\":\"https:\/\/www.solems.com\/mentions-legales#breadcrumb\"},\"inLanguage\":\"en-US\",\"potentialAction\":[{\"@type\":\"ReadAction\",\"target\":[\"https:\/\/www.solems.com\/mentions-legales\"]}]},{\"@type\":\"BreadcrumbList\",\"@id\":\"https:\/\/www.solems.com\/mentions-legales#breadcrumb\",\"itemListElement\":[{\"@type\":\"ListItem\",\"position\":1,\"name\":\"Accueil\",\"item\":\"https:\/\/www.solems.com\/\"},{\"@type\":\"ListItem\",\"position\":2,\"name\":\"Legal Notice\"}]},{\"@type\":\"WebSite\",\"@id\":\"https:\/\/www.solems.com\/#website\",\"url\":\"https:\/\/www.solems.com\/\",\"name\":\"Panneaux Solaires au Silicium | Solems.com\",\"description\":\"\",\"potentialAction\":[{\"@type\":\"SearchAction\",\"target\":{\"@type\":\"EntryPoint\",\"urlTemplate\":\"https:\/\/www.solems.com\/?s={search_term_string}\"},\"query-input\":{\"@type\":\"PropertyValueSpecification\",\"valueRequired\":true,\"valueName\":\"search_term_string\"}}],\"inLanguage\":\"en-US\"}]}<\/script>\n<!-- \/ Yoast SEO plugin. -->","yoast_head_json":{"title":"Legal Notice - Panneaux Solaires au Silicium | Solems.com","robots":{"index":"index","follow":"follow","max-snippet":"max-snippet:-1","max-image-preview":"max-image-preview:large","max-video-preview":"max-video-preview:-1"},"canonical":"https:\/\/www.solems.com\/mentions-legales","schema":{"@context":"https:\/\/schema.org","@graph":[{"@type":"WebPage","@id":"https:\/\/www.solems.com\/mentions-legales","url":"https:\/\/www.solems.com\/mentions-legales","name":"Legal Notice - Panneaux Solaires au Silicium | Solems.com","isPartOf":{"@id":"https:\/\/www.solems.com\/#website"},"datePublished":"2016-09-26T08:29:52+00:00","dateModified":"2016-10-17T14:56:29+00:00","breadcrumb":{"@id":"https:\/\/www.solems.com\/mentions-legales#breadcrumb"},"inLanguage":"en-US","potentialAction":[{"@type":"ReadAction","target":["https:\/\/www.solems.com\/mentions-legales"]}]},{"@type":"BreadcrumbList","@id":"https:\/\/www.solems.com\/mentions-legales#breadcrumb","itemListElement":[{"@type":"ListItem","position":1,"name":"Accueil","item":"https:\/\/www.solems.com\/"},{"@type":"ListItem","position":2,"name":"Legal Notice"}]},{"@type":"WebSite","@id":"https:\/\/www.solems.com\/#website","url":"https:\/\/www.solems.com\/","name":"Panneaux Solaires au Silicium | Solems.com","description":"","potentialAction":[{"@type":"SearchAction","target":{"@type":"EntryPoint","urlTemplate":"https:\/\/www.solems.com\/?s={search_term_string}"},"query-input":{"@type":"PropertyValueSpecification","valueRequired":true,"valueName":"search_term_string"}}],"inLanguage":"en-US"}]}},"_links":{"self":[{"href":"https:\/\/www.solems.com\/en\/wp-json\/wp\/v2\/pages\/2024","targetHints":{"allow":["GET"]}}],"collection":[{"href":"https:\/\/www.solems.com\/en\/wp-json\/wp\/v2\/pages"}],"about":[{"href":"https:\/\/www.solems.com\/en\/wp-json\/wp\/v2\/types\/page"}],"author":[{"embeddable":true,"href":"https:\/\/www.solems.com\/en\/wp-json\/wp\/v2\/users\/1"}],"replies":[{"embeddable":true,"href":"https:\/\/www.solems.com\/en\/wp-json\/wp\/v2\/comments?post=2024"}],"version-history":[{"count":2,"href":"https:\/\/www.solems.com\/en\/wp-json\/wp\/v2\/pages\/2024\/revisions"}],"predecessor-version":[{"id":2200,"href":"https:\/\/www.solems.com\/en\/wp-json\/wp\/v2\/pages\/2024\/revisions\/2200"}],"wp:attachment":[{"href":"https:\/\/www.solems.com\/en\/wp-json\/wp\/v2\/media?parent=2024"}],"curies":[{"name":"wp","href":"https:\/\/api.w.org\/{rel}","templated":true}]}}